{"id":141,"date":"2023-08-22T11:10:07","date_gmt":"2023-08-22T09:10:07","guid":{"rendered":"https:\/\/fewo-control.de\/?page_id=141"},"modified":"2023-10-24T16:37:04","modified_gmt":"2023-10-24T14:37:04","slug":"tiny-forests","status":"publish","type":"page","link":"https:\/\/www.klima-und-alltag.de\/?page_id=141","title":{"rendered":"Tiny Forest"},"content":{"rendered":"\n<h2 class=\"wp-block-heading\">Miniatur\u00f6kosystem \u201eTiny Forest\u201c \u2013 ein Klimawald f\u00fcr Neuruppin<\/h2>\n\n\n\n<div class=\"wp-block-media-text is-stacked-on-mobile\"><figure class=\"wp-block-media-text__media\"><img fetchpriority=\"high\" decoding=\"async\" width=\"1024\" height=\"683\" src=\"https:\/\/fewo-control.de\/wp-content\/uploads\/2023\/10\/21_Frankfurt_Oder-5-002-1-1024x683.jpg\" alt=\"\" class=\"wp-image-582 size-full\" srcset=\"https:\/\/www.klima-und-alltag.de\/wp-content\/uploads\/2023\/10\/21_Frankfurt_Oder-5-002-1-1024x683.jpg 1024w, https:\/\/www.klima-und-alltag.de\/wp-content\/uploads\/2023\/10\/21_Frankfurt_Oder-5-002-1-300x200.jpg 300w, https:\/\/www.klima-und-alltag.de\/wp-content\/uploads\/2023\/10\/21_Frankfurt_Oder-5-002-1-768x512.jpg 768w, https:\/\/www.klima-und-alltag.de\/wp-content\/uploads\/2023\/10\/21_Frankfurt_Oder-5-002-1.jpg 1280w\" sizes=\"(max-width: 1024px) 100vw, 1024px\" \/><\/figure><div class=\"wp-block-media-text__content\">\n<p>in Tiny Forest ist ein sehr diverser kleiner Wald, der auf einer Fl\u00e4che von 100-1000qm in Gemeinschaft stiftender Zusammenarbeit von B\u00fcrgern mit Institutionen der Stadt angelegt wird.<\/p>\n\n\n\n<p>Besonders ist, dass er nur mit regionalen und angepassten Geh\u00f6lzen bepflanzt wird, die sich in einem engen Pflanzverband befinden.<\/p>\n\n\n\n<p>Durch die Konkurrenz der heranwachsenden Str\u00e4ucher und B\u00e4ume w\u00e4chst der Wald erheblich schneller wie ein konventioneller Forst und bietet dabei gleichzeitig eine deutlich h\u00f6here Biodiversit\u00e4t.<\/p>\n\n\n\n<p>So entsteht innerhalb weniger Jahre ein Kleinod, das als R\u00fcckzugsort f\u00fcr V\u00f6gel und Insekten dient, den Bodenwasserhaushalt verbessert und die Luft der Umgebung rein h\u00e4lt. <\/p>\n<\/div><\/div>\n\n\n\n<div class=\"wp-block-media-text has-media-on-the-right is-stacked-on-mobile\"><div class=\"wp-block-media-text__content\">\n<p>Ein Tiny Forest kann sowohl im l\u00e4ndlichen wie im st\u00e4dtischen Raum angelegt werden und an beiden Orten f\u00fcr mehr Strukturvielfalt sorgen. Es sind weder viel Platz noch viele Ressourcen f\u00fcr die Anlage n\u00f6tig und das Konzept gibt somit allen Fl\u00e4chenbesitzer*innen die M\u00f6glichkeit, einen Beitrag zum Klimaschutz durch Aufforstung zu leisten.<\/p>\n\n\n\n<p>Unter Anleitung des <strong>Miya e.V.<\/strong> m\u00f6chten wir gemeinsam mit der Stadt Neuruppin und ihren B\u00fcrgern einen <strong>ersten Tiny Forest im Stadtgebiet Neuruppin im Herbst 2024<\/strong> verwirklichen.<\/p>\n<\/div><figure class=\"wp-block-media-text__media\"><img decoding=\"async\" width=\"1024\" height=\"682\" src=\"https:\/\/fewo-control.de\/wp-content\/uploads\/2023\/10\/21_Rozwaro-11-002-1-1024x682.jpg\" alt=\"\" class=\"wp-image-586 size-full\" srcset=\"https:\/\/www.klima-und-alltag.de\/wp-content\/uploads\/2023\/10\/21_Rozwaro-11-002-1-1024x682.jpg 1024w, https:\/\/www.klima-und-alltag.de\/wp-content\/uploads\/2023\/10\/21_Rozwaro-11-002-1-300x200.jpg 300w, https:\/\/www.klima-und-alltag.de\/wp-content\/uploads\/2023\/10\/21_Rozwaro-11-002-1-768x512.jpg 768w, https:\/\/www.klima-und-alltag.de\/wp-content\/uploads\/2023\/10\/21_Rozwaro-11-002-1.jpg 1280w\" sizes=\"(max-width: 1024px) 100vw, 1024px\" \/><\/figure><\/div>\n\n\n<a class=\"wp-block-read-more\" href=\"https:\/\/www.klima-und-alltag.de\/?page_id=141\" target=\"_self\">Weiterlesen<span class=\"screen-reader-text\">: Tiny Forest<\/span><\/a>\n\n\n<div class=\"wp-block-media-text is-stacked-on-mobile\" style=\"grid-template-columns:22% auto\"><figure class=\"wp-block-media-text__media\"><img decoding=\"async\" width=\"540\" height=\"720\" src=\"https:\/\/fewo-control.de\/wp-content\/uploads\/2023\/10\/Akira-Miyawaki-1.jpg\" alt=\"\" class=\"wp-image-587 size-full\" srcset=\"https:\/\/www.klima-und-alltag.de\/wp-content\/uploads\/2023\/10\/Akira-Miyawaki-1.jpg 540w, https:\/\/www.klima-und-alltag.de\/wp-content\/uploads\/2023\/10\/Akira-Miyawaki-1-225x300.jpg 225w\" sizes=\"(max-width: 540px) 100vw, 540px\" \/><\/figure><div class=\"wp-block-media-text__content\">\n<p>Vorbild f\u00fcr den Wald der Vielfalt, ist die Methodik des japanischen Biologen <strong>Akira Miyawaki<\/strong>, die in Japan schon seit den 70er Jahren es letzten Jahrhunderts, und in Europa und anderen Teilen der Welt seit einigen Jahren erprobt wird. Seine Idee ist es, vor allem in urbanen R\u00e4umen auf Fl\u00e4chen, die mindestens so gro\u00df wie ein Tennisplatz und maximal 1000 qm gross sind, kleine Habitate anzulegen, die einen Beitrag zum Erhalt der Arten- und Pflanzenvielfalt, der Verbesserung der Luftqualit\u00e4t, des Bodenlebens sowie der Wasserhaltekapazit\u00e4t des Bodens leisten.<\/p>\n<\/div><\/div>\n\n\n\n<div class=\"wp-block-media-text has-media-on-the-right is-stacked-on-mobile\" style=\"grid-template-columns:auto 25%\"><div class=\"wp-block-media-text__content\">\n<p class=\"has-text-align-left\">Schon nach 2- 3 Jahren sind sie zu Klima-Oasen herangewachsen, die Wasser speichern und CO<sub>2<\/sub> binden. Sie f\u00f6rdern durch biodiverse und dichte Bepflanzung ein schnelles und hitzeresistentes Wachstum und sind nach kurzer Zeit autarke \u00d6kosysteme, die keine Pflege mehr brauchen.<\/p>\n\n\n\n<p>Erfahren Sie mehr \u00fcber die <a href=\"https:\/\/www.miya-forest.de\/\" target=\"_blank\" rel=\"noreferrer noopener\">MIYAWAKI-Methode<\/a>.<\/p>\n<\/div><figure class=\"wp-block-media-text__media\"><a href=\"https:\/\/fewo-control.de\/wp-content\/uploads\/2023\/10\/Darmstadt_MIYA-e.V_-002-1.jpg\"><img loading=\"lazy\" decoding=\"async\" width=\"960\" height=\"960\" src=\"https:\/\/fewo-control.de\/wp-content\/uploads\/2023\/10\/Darmstadt_MIYA-e.V_-002-1.jpg\" alt=\"\" class=\"wp-image-588 size-full\" srcset=\"https:\/\/www.klima-und-alltag.de\/wp-content\/uploads\/2023\/10\/Darmstadt_MIYA-e.V_-002-1.jpg 960w, https:\/\/www.klima-und-alltag.de\/wp-content\/uploads\/2023\/10\/Darmstadt_MIYA-e.V_-002-1-300x300.jpg 300w, https:\/\/www.klima-und-alltag.de\/wp-content\/uploads\/2023\/10\/Darmstadt_MIYA-e.V_-002-1-150x150.jpg 150w, https:\/\/www.klima-und-alltag.de\/wp-content\/uploads\/2023\/10\/Darmstadt_MIYA-e.V_-002-1-768x768.jpg 768w\" sizes=\"(max-width: 960px) 100vw, 960px\" \/><\/a><\/figure><\/div>\n\n\n\n<div class=\"wp-block-media-text is-stacked-on-mobile\" style=\"grid-template-columns:38% auto\"><figure class=\"wp-block-media-text__media\"><img loading=\"lazy\" decoding=\"async\" width=\"1024\" height=\"682\" src=\"https:\/\/fewo-control.de\/wp-content\/uploads\/2023\/10\/Einweisung-in-die-Pflanzmethode-MIYA-e.V_-002-1-1024x682.jpg\" alt=\"\" class=\"wp-image-589 size-full\" srcset=\"https:\/\/www.klima-und-alltag.de\/wp-content\/uploads\/2023\/10\/Einweisung-in-die-Pflanzmethode-MIYA-e.V_-002-1-1024x682.jpg 1024w, https:\/\/www.klima-und-alltag.de\/wp-content\/uploads\/2023\/10\/Einweisung-in-die-Pflanzmethode-MIYA-e.V_-002-1-300x200.jpg 300w, https:\/\/www.klima-und-alltag.de\/wp-content\/uploads\/2023\/10\/Einweisung-in-die-Pflanzmethode-MIYA-e.V_-002-1-768x512.jpg 768w, https:\/\/www.klima-und-alltag.de\/wp-content\/uploads\/2023\/10\/Einweisung-in-die-Pflanzmethode-MIYA-e.V_-002-1.jpg 1280w\" sizes=\"(max-width: 1024px) 100vw, 1024px\" \/><\/figure><div class=\"wp-block-media-text__content\">\n<p>Partizipation von Kindern und anderen Freiwilligen z.B.im Rahmen von  Umweltbildungsprogrammen (gr\u00fcnes Klassenzimmer) erweitern das  ganzheitliche Konzept dieser Ma\u00dfnahme. Ab dem Zeitpunkt seiner Pflanzung  dient der Tiny Forest als Real-Labor, in dem sich die Entwicklung eines  Wald\u00f6kosystems hautnah miterleben l\u00e4sst.<\/p>\n<\/div><\/div>\n\n\n\n<div class=\"wp-block-media-text has-media-on-the-right is-stacked-on-mobile\" style=\"grid-template-columns:auto 46%\"><div class=\"wp-block-media-text__content\">\n<p class=\"has-text-align-right\">An der <strong>Hochschule f\u00fcr nachhaltige Entwicklung Eberswalde\/HNE<\/strong>E ist das <strong>Miyawaki-Konzept 2020<\/strong> das erste Mal in Zichow in Brandenburg f\u00fcr ein heimisches Wald\u00f6kosystem weiterentwickelt worden.<\/p>\n\n\n\n<p class=\"has-text-align-right\">Bei YouTube gibt es einen kleinen Film \u00fcber den <strong><a href=\"https:\/\/www.youtube.com\/watch?v=6a-6WnQ5wh4\" target=\"_blank\" rel=\"noreferrer noopener\">Tiny Forest bei Zichow in der Uckermark<\/a><\/strong>.<\/p>\n<\/div><figure class=\"wp-block-media-text__media\"><img loading=\"lazy\" decoding=\"async\" width=\"1024\" height=\"543\" src=\"https:\/\/fewo-control.de\/wp-content\/uploads\/2023\/10\/TinyForest-ZichowUckermark_Youtube-2-1024x543.jpg\" alt=\"\" class=\"wp-image-590 size-full\" srcset=\"https:\/\/www.klima-und-alltag.de\/wp-content\/uploads\/2023\/10\/TinyForest-ZichowUckermark_Youtube-2-1024x543.jpg 1024w, https:\/\/www.klima-und-alltag.de\/wp-content\/uploads\/2023\/10\/TinyForest-ZichowUckermark_Youtube-2-300x159.jpg 300w, https:\/\/www.klima-und-alltag.de\/wp-content\/uploads\/2023\/10\/TinyForest-ZichowUckermark_Youtube-2-768x407.jpg 768w, https:\/\/www.klima-und-alltag.de\/wp-content\/uploads\/2023\/10\/TinyForest-ZichowUckermark_Youtube-2.jpg 1086w\" sizes=\"(max-width: 1024px) 100vw, 1024px\" \/><\/figure><\/div>\n\n\n\n<div class=\"wp-block-media-text is-stacked-on-mobile\"><figure class=\"wp-block-media-text__media\"><img loading=\"lazy\" decoding=\"async\" width=\"1024\" height=\"682\" src=\"https:\/\/fewo-control.de\/wp-content\/uploads\/2023\/10\/Stefan-Scharfe-und-Lukas-Steingaesser.-die-Gruender-MIYA-eV-002-1024x682.jpg\" alt=\"\" class=\"wp-image-591 size-full\" srcset=\"https:\/\/www.klima-und-alltag.de\/wp-content\/uploads\/2023\/10\/Stefan-Scharfe-und-Lukas-Steingaesser.-die-Gruender-MIYA-eV-002-1024x682.jpg 1024w, https:\/\/www.klima-und-alltag.de\/wp-content\/uploads\/2023\/10\/Stefan-Scharfe-und-Lukas-Steingaesser.-die-Gruender-MIYA-eV-002-300x200.jpg 300w, https:\/\/www.klima-und-alltag.de\/wp-content\/uploads\/2023\/10\/Stefan-Scharfe-und-Lukas-Steingaesser.-die-Gruender-MIYA-eV-002-768x512.jpg 768w, https:\/\/www.klima-und-alltag.de\/wp-content\/uploads\/2023\/10\/Stefan-Scharfe-und-Lukas-Steingaesser.-die-Gruender-MIYA-eV-002.jpg 1280w\" sizes=\"(max-width: 1024px) 100vw, 1024px\" \/><\/figure><div class=\"wp-block-media-text__content\">\n<p>Aus dieser Forschungsarbeit zweier Studierender, Stefan Scharfe und Lukas Steing\u00e4sser, ist der <strong><a href=\"https:\/\/www.miyaforest.de\" target=\"_blank\" rel=\"noreferrer noopener\">MIYA &#8211; Fachverband zur F\u00f6rderung der Miyawaki-Methode e.V<\/a><\/strong> entstanden. Dieser Verein bietet einerseits praktische Unterst\u00fctzung bei der Umsetzung von Tiny-Forest-Projekten, andererseits bietet die N\u00e4he zur Hochschule M\u00f6glichkeiten zur Beforschung der experimentellen Fragestellungen, die sich unweigerlich auftun.<\/p>\n<\/div><\/div>\n\n\n\n<div class=\"wp-block-media-text has-media-on-the-right is-stacked-on-mobile\" style=\"grid-template-columns:auto 31%\"><div class=\"wp-block-media-text__content\">\n<p class=\"has-text-align-right\">Miya e.V. wurde 2022 ausgezeichnet mit dem <strong><a href=\"https:\/\/www.umweltbundesamt.de\/themen\/klima-energie\/klimafolgen-anpassung\/werkzeuge-der-anpassung\/tatenbank\/tiny-forests-von-nachhaltiger-bildung-zu\" target=\"_blank\" rel=\"noreferrer noopener\">Bundespreis \u201eBLAUER KOMPASS\u201c des Umweltbundesamtes<\/a><\/strong>. Seit 2020 hat Miya e.V. ca. 30 Projekte in Deutschland realisiert.<\/p>\n<\/div><figure class=\"wp-block-media-text__media\"><img loading=\"lazy\" decoding=\"async\" width=\"624\" height=\"326\" src=\"https:\/\/fewo-control.de\/wp-content\/uploads\/2023\/10\/BlauerKompass_CC-1.jpg\" alt=\"\" class=\"wp-image-592 size-full\" srcset=\"https:\/\/www.klima-und-alltag.de\/wp-content\/uploads\/2023\/10\/BlauerKompass_CC-1.jpg 624w, https:\/\/www.klima-und-alltag.de\/wp-content\/uploads\/2023\/10\/BlauerKompass_CC-1-300x157.jpg 300w\" sizes=\"(max-width: 624px) 100vw, 624px\" \/><\/figure><\/div>\n","protected":false},"excerpt":{"rendered":"<p>Miniatur\u00f6kosystem \u201eTiny Forest\u201c \u2013 ein Klimawald f\u00fcr Neuruppin in Tiny Forest ist ein sehr diverser kleiner Wald, der auf einer Fl\u00e4che von 100-1000qm in Gemeinschaft stiftender Zusammenarbeit von B\u00fcrgern mit Institutionen der Stadt angelegt wird. Besonders ist, dass er nur mit regionalen und angepassten Geh\u00f6lzen bepflanzt wird, die sich in einem engen Pflanzverband befinden. Durch [&hellip;]<\/p>\n","protected":false},"author":1,"featured_media":0,"parent":0,"menu_order":0,"comment_status":"closed","ping_status":"closed","template":"","meta":{"pgc_sgb_lightbox_settings":"","footnotes":""},"class_list":["post-141","page","type-page","status-publish","hentry"],"yoast_head":"<!-- This site is optimized with the Yoast SEO plugin v27.3 - https:\/\/yoast.com\/product\/yoast-seo-wordpress\/ -->\n<title>Tiny Forest - Klima und Alltag<\/title>\n<meta name=\"robots\" content=\"index, follow, max-snippet:-1, max-image-preview:large, max-video-preview:-1\" \/>\n<link rel=\"canonical\" href=\"https:\/\/www.klima-und-alltag.de\/?page_id=141\" \/>\n<meta property=\"og:locale\" content=\"de_DE\" \/>\n<meta property=\"og:type\" content=\"article\" \/>\n<meta property=\"og:title\" content=\"Tiny Forest - Klima und Alltag\" \/>\n<meta property=\"og:description\" content=\"Miniatur\u00f6kosystem \u201eTiny Forest\u201c \u2013 ein Klimawald f\u00fcr Neuruppin in Tiny Forest ist ein sehr diverser kleiner Wald, der auf einer Fl\u00e4che von 100-1000qm in Gemeinschaft stiftender Zusammenarbeit von B\u00fcrgern mit Institutionen der Stadt angelegt wird. Besonders ist, dass er nur mit regionalen und angepassten Geh\u00f6lzen bepflanzt wird, die sich in einem engen Pflanzverband befinden. Durch [&hellip;]\" \/>\n<meta property=\"og:url\" content=\"https:\/\/www.klima-und-alltag.de\/?page_id=141\" \/>\n<meta property=\"og:site_name\" content=\"Klima und Alltag\" \/>\n<meta property=\"article:modified_time\" content=\"2023-10-24T14:37:04+00:00\" \/>\n<meta property=\"og:image\" content=\"https:\/\/fewo-control.de\/wp-content\/uploads\/2023\/10\/21_Frankfurt_Oder-5-002-1-1024x683.jpg\" \/>\n<meta name=\"twitter:card\" content=\"summary_large_image\" \/>\n<meta name=\"twitter:label1\" content=\"Gesch\u00e4tzte Lesezeit\" \/>\n\t<meta name=\"twitter:data1\" content=\"3\u00a0Minuten\" \/>\n<script type=\"application\/ld+json\" class=\"yoast-schema-graph\">{\"@context\":\"https:\\\/\\\/schema.org\",\"@graph\":[{\"@type\":\"WebPage\",\"@id\":\"https:\\\/\\\/www.klima-und-alltag.de\\\/?page_id=141\",\"url\":\"https:\\\/\\\/www.klima-und-alltag.de\\\/?page_id=141\",\"name\":\"Tiny Forest - Klima und Alltag\",\"isPartOf\":{\"@id\":\"https:\\\/\\\/www.klima-und-alltag.de\\\/#website\"},\"primaryImageOfPage\":{\"@id\":\"https:\\\/\\\/www.klima-und-alltag.de\\\/?page_id=141#primaryimage\"},\"image\":{\"@id\":\"https:\\\/\\\/www.klima-und-alltag.de\\\/?page_id=141#primaryimage\"},\"thumbnailUrl\":\"https:\\\/\\\/fewo-control.de\\\/wp-content\\\/uploads\\\/2023\\\/10\\\/21_Frankfurt_Oder-5-002-1-1024x683.jpg\",\"datePublished\":\"2023-08-22T09:10:07+00:00\",\"dateModified\":\"2023-10-24T14:37:04+00:00\",\"breadcrumb\":{\"@id\":\"https:\\\/\\\/www.klima-und-alltag.de\\\/?page_id=141#breadcrumb\"},\"inLanguage\":\"de\",\"potentialAction\":[{\"@type\":\"ReadAction\",\"target\":[\"https:\\\/\\\/www.klima-und-alltag.de\\\/?page_id=141\"]}]},{\"@type\":\"ImageObject\",\"inLanguage\":\"de\",\"@id\":\"https:\\\/\\\/www.klima-und-alltag.de\\\/?page_id=141#primaryimage\",\"url\":\"https:\\\/\\\/fewo-control.de\\\/wp-content\\\/uploads\\\/2023\\\/10\\\/21_Frankfurt_Oder-5-002-1-1024x683.jpg\",\"contentUrl\":\"https:\\\/\\\/fewo-control.de\\\/wp-content\\\/uploads\\\/2023\\\/10\\\/21_Frankfurt_Oder-5-002-1-1024x683.jpg\"},{\"@type\":\"BreadcrumbList\",\"@id\":\"https:\\\/\\\/www.klima-und-alltag.de\\\/?page_id=141#breadcrumb\",\"itemListElement\":[{\"@type\":\"ListItem\",\"position\":1,\"name\":\"Startseite\",\"item\":\"https:\\\/\\\/www.klima-und-alltag.de\\\/\"},{\"@type\":\"ListItem\",\"position\":2,\"name\":\"Tiny Forest\"}]},{\"@type\":\"WebSite\",\"@id\":\"https:\\\/\\\/www.klima-und-alltag.de\\\/#website\",\"url\":\"https:\\\/\\\/www.klima-und-alltag.de\\\/\",\"name\":\"Klima und Alltag\",\"description\":\"gemeinsam - handeln - jetzt\",\"publisher\":{\"@id\":\"https:\\\/\\\/www.klima-und-alltag.de\\\/#organization\"},\"alternateName\":\"Klima und Alltag e.V. Neuruppin\",\"potentialAction\":[{\"@type\":\"SearchAction\",\"target\":{\"@type\":\"EntryPoint\",\"urlTemplate\":\"https:\\\/\\\/www.klima-und-alltag.de\\\/?s={search_term_string}\"},\"query-input\":{\"@type\":\"PropertyValueSpecification\",\"valueRequired\":true,\"valueName\":\"search_term_string\"}}],\"inLanguage\":\"de\"},{\"@type\":\"Organization\",\"@id\":\"https:\\\/\\\/www.klima-und-alltag.de\\\/#organization\",\"name\":\"Klima und Alltag e.V. Neuruppin\",\"url\":\"https:\\\/\\\/www.klima-und-alltag.de\\\/\",\"logo\":{\"@type\":\"ImageObject\",\"inLanguage\":\"de\",\"@id\":\"https:\\\/\\\/www.klima-und-alltag.de\\\/#\\\/schema\\\/logo\\\/image\\\/\",\"url\":\"https:\\\/\\\/www.klima-und-alltag.de\\\/wp-content\\\/uploads\\\/2023\\\/10\\\/cropped-cropped-231012-Logo-Klima-und-Alltag_ohne-Text_150-px.png\",\"contentUrl\":\"https:\\\/\\\/www.klima-und-alltag.de\\\/wp-content\\\/uploads\\\/2023\\\/10\\\/cropped-cropped-231012-Logo-Klima-und-Alltag_ohne-Text_150-px.png\",\"width\":281,\"height\":143,\"caption\":\"Klima und Alltag e.V. Neuruppin\"},\"image\":{\"@id\":\"https:\\\/\\\/www.klima-und-alltag.de\\\/#\\\/schema\\\/logo\\\/image\\\/\"}}]}<\/script>\n<!-- \/ Yoast SEO plugin. -->","yoast_head_json":{"title":"Tiny Forest - Klima und Alltag","robots":{"index":"index","follow":"follow","max-snippet":"max-snippet:-1","max-image-preview":"max-image-preview:large","max-video-preview":"max-video-preview:-1"},"canonical":"https:\/\/www.klima-und-alltag.de\/?page_id=141","og_locale":"de_DE","og_type":"article","og_title":"Tiny Forest - Klima und Alltag","og_description":"Miniatur\u00f6kosystem \u201eTiny Forest\u201c \u2013 ein Klimawald f\u00fcr Neuruppin in Tiny Forest ist ein sehr diverser kleiner Wald, der auf einer Fl\u00e4che von 100-1000qm in Gemeinschaft stiftender Zusammenarbeit von B\u00fcrgern mit Institutionen der Stadt angelegt wird. Besonders ist, dass er nur mit regionalen und angepassten Geh\u00f6lzen bepflanzt wird, die sich in einem engen Pflanzverband befinden. Durch [&hellip;]","og_url":"https:\/\/www.klima-und-alltag.de\/?page_id=141","og_site_name":"Klima und Alltag","article_modified_time":"2023-10-24T14:37:04+00:00","og_image":[{"url":"https:\/\/fewo-control.de\/wp-content\/uploads\/2023\/10\/21_Frankfurt_Oder-5-002-1-1024x683.jpg","type":"","width":"","height":""}],"twitter_card":"summary_large_image","twitter_misc":{"Gesch\u00e4tzte Lesezeit":"3\u00a0Minuten"},"schema":{"@context":"https:\/\/schema.org","@graph":[{"@type":"WebPage","@id":"https:\/\/www.klima-und-alltag.de\/?page_id=141","url":"https:\/\/www.klima-und-alltag.de\/?page_id=141","name":"Tiny Forest - Klima und Alltag","isPartOf":{"@id":"https:\/\/www.klima-und-alltag.de\/#website"},"primaryImageOfPage":{"@id":"https:\/\/www.klima-und-alltag.de\/?page_id=141#primaryimage"},"image":{"@id":"https:\/\/www.klima-und-alltag.de\/?page_id=141#primaryimage"},"thumbnailUrl":"https:\/\/fewo-control.de\/wp-content\/uploads\/2023\/10\/21_Frankfurt_Oder-5-002-1-1024x683.jpg","datePublished":"2023-08-22T09:10:07+00:00","dateModified":"2023-10-24T14:37:04+00:00","breadcrumb":{"@id":"https:\/\/www.klima-und-alltag.de\/?page_id=141#breadcrumb"},"inLanguage":"de","potentialAction":[{"@type":"ReadAction","target":["https:\/\/www.klima-und-alltag.de\/?page_id=141"]}]},{"@type":"ImageObject","inLanguage":"de","@id":"https:\/\/www.klima-und-alltag.de\/?page_id=141#primaryimage","url":"https:\/\/fewo-control.de\/wp-content\/uploads\/2023\/10\/21_Frankfurt_Oder-5-002-1-1024x683.jpg","contentUrl":"https:\/\/fewo-control.de\/wp-content\/uploads\/2023\/10\/21_Frankfurt_Oder-5-002-1-1024x683.jpg"},{"@type":"BreadcrumbList","@id":"https:\/\/www.klima-und-alltag.de\/?page_id=141#breadcrumb","itemListElement":[{"@type":"ListItem","position":1,"name":"Startseite","item":"https:\/\/www.klima-und-alltag.de\/"},{"@type":"ListItem","position":2,"name":"Tiny Forest"}]},{"@type":"WebSite","@id":"https:\/\/www.klima-und-alltag.de\/#website","url":"https:\/\/www.klima-und-alltag.de\/","name":"Klima und Alltag","description":"gemeinsam - handeln - jetzt","publisher":{"@id":"https:\/\/www.klima-und-alltag.de\/#organization"},"alternateName":"Klima und Alltag e.V. Neuruppin","potentialAction":[{"@type":"SearchAction","target":{"@type":"EntryPoint","urlTemplate":"https:\/\/www.klima-und-alltag.de\/?s={search_term_string}"},"query-input":{"@type":"PropertyValueSpecification","valueRequired":true,"valueName":"search_term_string"}}],"inLanguage":"de"},{"@type":"Organization","@id":"https:\/\/www.klima-und-alltag.de\/#organization","name":"Klima und Alltag e.V. Neuruppin","url":"https:\/\/www.klima-und-alltag.de\/","logo":{"@type":"ImageObject","inLanguage":"de","@id":"https:\/\/www.klima-und-alltag.de\/#\/schema\/logo\/image\/","url":"https:\/\/www.klima-und-alltag.de\/wp-content\/uploads\/2023\/10\/cropped-cropped-231012-Logo-Klima-und-Alltag_ohne-Text_150-px.png","contentUrl":"https:\/\/www.klima-und-alltag.de\/wp-content\/uploads\/2023\/10\/cropped-cropped-231012-Logo-Klima-und-Alltag_ohne-Text_150-px.png","width":281,"height":143,"caption":"Klima und Alltag e.V. Neuruppin"},"image":{"@id":"https:\/\/www.klima-und-alltag.de\/#\/schema\/logo\/image\/"}}]}},"_links":{"self":[{"href":"https:\/\/www.klima-und-alltag.de\/index.php?rest_route=\/wp\/v2\/pages\/141","targetHints":{"allow":["GET"]}}],"collection":[{"href":"https:\/\/www.klima-und-alltag.de\/index.php?rest_route=\/wp\/v2\/pages"}],"about":[{"href":"https:\/\/www.klima-und-alltag.de\/index.php?rest_route=\/wp\/v2\/types\/page"}],"author":[{"embeddable":true,"href":"https:\/\/www.klima-und-alltag.de\/index.php?rest_route=\/wp\/v2\/users\/1"}],"replies":[{"embeddable":true,"href":"https:\/\/www.klima-und-alltag.de\/index.php?rest_route=%2Fwp%2Fv2%2Fcomments&post=141"}],"version-history":[{"count":8,"href":"https:\/\/www.klima-und-alltag.de\/index.php?rest_route=\/wp\/v2\/pages\/141\/revisions"}],"predecessor-version":[{"id":691,"href":"https:\/\/www.klima-und-alltag.de\/index.php?rest_route=\/wp\/v2\/pages\/141\/revisions\/691"}],"wp:attachment":[{"href":"https:\/\/www.klima-und-alltag.de\/index.php?rest_route=%2Fwp%2Fv2%2Fmedia&parent=141"}],"curies":[{"name":"wp","href":"https:\/\/api.w.org\/{rel}","templated":true}]}}